{"id":3665,"date":"2023-08-25T21:09:13","date_gmt":"2023-08-25T19:09:13","guid":{"rendered":"https:\/\/szukamcienia.pl\/?page_id=3665"},"modified":"2023-08-25T21:09:13","modified_gmt":"2023-08-25T19:09:13","slug":"moja-podroz","status":"publish","type":"page","link":"https:\/\/szukamcienia.pl\/index.php\/moja-podroz\/","title":{"rendered":"Moja podr\u00f3\u017c"},"content":{"rendered":"<div class=\"n2-section-smartslider fitvidsignore  n2_clear\" data-ssid=\"46\" tabindex=\"0\" role=\"region\" aria-label=\"Slider\">\n\n\n\n\n\n\n\n\n\n<div class=\"n2_clear\"><ss3-force-full-width data-overflow-x=\"body\" data-horizontal-selector=\"body\"><div class=\"n2-section-smartslider fitvidsignore  n2_clear\" data-ssid=\"47\"><div id=\"n2-ss-47-align\" class=\"n2-ss-align\"><div class=\"n2-padding\"><div id=\"n2-ss-47\" data-creator=\"Smart Slider 3\" data-responsive=\"fullwidth\" class=\"n2-ss-slider n2-ow n2-has-hover n2notransition  \">\n        <div class=\"n2-ss-slider-1 n2-ow\">\n            <div class=\"n2-ss-slider-2 n2-ow\">\n                <div class=\"n2-ss-slide-backgrounds n2-ow-all\"><div class=\"n2-ss-slide-background\" data-public-id=\"1\" data-mode=\"fill\"><div data-color=\"RGBA(255,255,255,0)\" style=\"background-color: RGBA(255,255,255,0);\" class=\"n2-ss-slide-background-color\"><\/div><\/div><\/div>                <div class=\"n2-ss-slider-3 n2-ow\">\n                    <svg xmlns=\"http:\/\/www.w3.org\/2000\/svg\" viewBox=\"0 0 1200 420\" data-related-device=\"desktopPortrait\" class=\"n2-ow n2-ss-preserve-size n2-ss-preserve-size--slider n2-ss-slide-limiter\"><\/svg><div data-first=\"1\" data-slide-duration=\"0\" data-id=\"126\" data-slide-public-id=\"1\" data-title=\"Statyczna nakladka\" class=\"n2-ss-slide n2-ow  n2-ss-slide-126\"><div role=\"note\" class=\"n2-ss-slide--focus\" tabindex=\"-1\">Statyczna nakladka<\/div><div class=\"n2-ss-layers-container n2-ss-slide-limiter n2-ow\"><div class=\"n2-ss-layer n2-ow n-uc-s71Oo5gJ99sT\" data-sstype=\"slide\" data-pm=\"default\"><div class=\"n2-ss-layer n2-ow n-uc-LIPjoeemRwMZ\" data-pm=\"default\" data-sstype=\"content\" data-hasbackground=\"0\"><div class=\"n2-ss-section-main-content n2-ss-layer-with-background n2-ss-layer-content n2-ow n-uc-LIPjoeemRwMZ-inner\"><div class=\"n2-ss-layer n2-ow n2-ss-layer--block n2-ss-has-self-align n-uc-1c13a13219214\" data-pm=\"normal\" data-sstype=\"row\"><div class=\"n2-ss-layer-row n2-ss-layer-with-background n-uc-1c13a13219214-inner\"><div class=\"n2-ss-layer-row-inner \"><div class=\"n2-ss-layer n2-ow n-uc-17120f4b15be4\" data-pm=\"default\" data-sstype=\"col\"><div class=\"n2-ss-layer-col n2-ss-layer-with-background n2-ss-layer-content n-uc-17120f4b15be4-inner\"><div class=\"n2-ss-layer n2-ow n-uc-fnm0B0hmvD7Y\" data-pm=\"normal\" data-sstype=\"layer\"><div class=\" n2-ss-item-image-content n2-ss-item-content n2-ow-all\"><picture class=\"skip-lazy jetpack-lazy-image\" data-skip-lazy=\"1\"><img loading=\"lazy\" decoding=\"async\" id=\"n2-ss-47item1\" alt=\"\" class=\"skip-lazy jetpack-lazy-image\" width=\"1565\" height=\"1093\" data-skip-lazy=\"1\" src=\"\/\/szukamcienia.pl\/wp-content\/uploads\/2022\/07\/1659205681778.jpg\" \/><\/picture><\/div><\/div><\/div><\/div><div class=\"n2-ss-layer n2-ow n-uc-120d3c5035820\" data-pm=\"default\" data-sstype=\"col\"><div class=\"n2-ss-layer-col n2-ss-layer-with-background n2-ss-layer-content n-uc-120d3c5035820-inner\"><div class=\"n2-ss-layer n2-ow n-uc-KZJ6kUbMfF7O\" data-pm=\"normal\" data-sstype=\"layer\"><div id=\"n2-ss-47item2\" class=\"n2-font-a26e380306d8c03aee97283d7bd28ad5-hover   n2-ss-item-content n2-ss-text n2-ow\" style=\"display:block;\">Cze\u015b\u0107!<\/div><\/div><div class=\"n2-ss-layer n2-ow n-uc-1uIzOiqwzr9n\" data-pm=\"normal\" data-sstype=\"layer\"><div class=\"n2-ss-item-content n2-ss-text n2-ow-all\"><div class=\"\"><p class=\"n2-font-39fc2958097c85cad2ed46cc20f88dc7-paragraph   \">Jestem Marysia Straszak i pragn\u0119 zaprosi\u0107 Ci\u0119 do<br \/>\nmojego ogrodowego \u015bwiata, gdzie pasja, natura i<br \/>\nzdrowy tryb \u017cycia splataj\u0105 si\u0119 w harmonijn\u0105 opowie\u015b\u0107.<\/p>\n<\/div><\/div><\/div><\/div><\/div><\/div><\/div><\/div><\/div><\/div><\/div><\/div><\/div>                <\/div>\n                            <\/div>\n        <\/div>\n        <\/div><ss3-loader><\/ss3-loader><\/div><\/div><div class=\"n2_clear\"><\/div><\/div><\/ss3-force-full-width><\/div>\n\n\n\n\n\n\n\n\n\n<div class=\"n2_clear\"><ss3-force-full-width data-overflow-x=\"body\" data-horizontal-selector=\"body\"><div class=\"n2-section-smartslider fitvidsignore  n2_clear\" data-ssid=\"48\"><div id=\"n2-ss-48-align\" class=\"n2-ss-align\"><div class=\"n2-padding\"><div id=\"n2-ss-48\" data-creator=\"Smart Slider 3\" data-responsive=\"fullwidth\" class=\"n2-ss-slider n2-ow n2-has-hover n2notransition  \">\n        <div class=\"n2-ss-slider-1 n2-ow\">\n            <div class=\"n2-ss-slider-2 n2-ow\">\n                <div class=\"n2-ss-slide-backgrounds n2-ow-all\"><div class=\"n2-ss-slide-background\" data-public-id=\"1\" data-mode=\"fill\"><div data-color=\"RGBA(255,255,255,0)\" style=\"background-color: RGBA(255,255,255,0);\" class=\"n2-ss-slide-background-color\"><\/div><\/div><\/div>                <div class=\"n2-ss-slider-3 n2-ow\">\n                    <svg xmlns=\"http:\/\/www.w3.org\/2000\/svg\" viewBox=\"0 0 1200 420\" data-related-device=\"desktopPortrait\" class=\"n2-ow n2-ss-preserve-size n2-ss-preserve-size--slider n2-ss-slide-limiter\"><\/svg><div data-first=\"1\" data-slide-duration=\"0\" data-id=\"127\" data-slide-public-id=\"1\" data-title=\"Statyczna nakladka\" class=\"n2-ss-slide n2-ow  n2-ss-slide-127\"><div role=\"note\" class=\"n2-ss-slide--focus\" tabindex=\"-1\">Statyczna nakladka<\/div><div class=\"n2-ss-layers-container n2-ss-slide-limiter n2-ow\"><div class=\"n2-ss-layer n2-ow n-uc-0le8pls2kv60\" data-sstype=\"slide\" data-pm=\"default\"><div class=\"n2-ss-layer n2-ow n-uc-sTlaZOQM5e8l\" data-pm=\"default\" data-sstype=\"content\" data-hasbackground=\"0\"><div class=\"n2-ss-section-main-content n2-ss-layer-with-background n2-ss-layer-content n2-ow n-uc-sTlaZOQM5e8l-inner\"><div class=\"n2-ss-layer n2-ow n2-ss-layer--block n2-ss-has-self-align n-uc-1b83add7129a1\" data-pm=\"normal\" data-sstype=\"row\"><div class=\"n2-ss-layer-row n2-ss-layer-with-background n-uc-1b83add7129a1-inner\"><div class=\"n2-ss-layer-row-inner \"><div class=\"n2-ss-layer n2-ow n-uc-1cf47db549259\" data-pm=\"default\" data-sstype=\"col\"><div class=\"n2-ss-layer-col n2-ss-layer-with-background n2-ss-layer-content n-uc-1cf47db549259-inner\"><div class=\"n2-ss-layer n2-ow n-uc-SnBjGK4FDwWW\" data-pm=\"normal\" data-sstype=\"layer\"><div class=\" n2-ss-item-image-content n2-ss-item-content n2-ow-all\"><picture class=\"skip-lazy jetpack-lazy-image\" data-skip-lazy=\"1\"><img loading=\"lazy\" decoding=\"async\" id=\"n2-ss-48item1\" alt=\"\" class=\"skip-lazy jetpack-lazy-image\" width=\"413\" height=\"193\" data-skip-lazy=\"1\" src=\"\/\/szukamcienia.pl\/wp-content\/uploads\/2023\/08\/1689663296742.jpg\" \/><\/picture><\/div><\/div><\/div><\/div><div class=\"n2-ss-layer n2-ow n-uc-1cfe9d6c653f6\" data-pm=\"default\" data-sstype=\"col\"><div class=\"n2-ss-layer-col n2-ss-layer-with-background n2-ss-layer-content n-uc-1cfe9d6c653f6-inner\"><div class=\"n2-ss-layer n2-ow n-uc-fQo9jJ9TyVbR\" data-pm=\"normal\" data-sstype=\"layer\"><div id=\"n2-ss-48item2\" class=\"n2-font-a26e380306d8c03aee97283d7bd28ad5-hover   n2-ss-item-content n2-ss-text n2-ow\" style=\"display:block;\">Ogr\u00f3d<\/div><\/div><div class=\"n2-ss-layer n2-ow n-uc-jvarXa06NfLy\" data-pm=\"normal\" data-sstype=\"layer\"><div class=\"n2-ss-item-content n2-ss-text n2-ow-all\"><div class=\"\"><p class=\"n2-font-a7ac78a38785e9de40e943eda3af5fc9-paragraph   \">Odk\u0105d pami\u0119tam, ogrodnictwo stanowi centrum mojego serca. To w nim odnajduj\u0119 rado\u015b\u0107 tworzenia, pi\u0119kno transformacji i g\u0142\u0119boki spok\u00f3j. Praca nad w\u0142asnym zak\u0105tkiem przynosi mi nie tylko wspania\u0142e ro\u015bliny, ale tak\u017ce bezcenne do\u015bwiadczenie. Ka\u017cdy sezon to nowa podr\u00f3\u017c, pe\u0142na fascynuj\u0105cych rozwi\u0105za\u0144 i nieustaj\u0105cej edukacji.<\/p>\n<p class=\"n2-font-a7ac78a38785e9de40e943eda3af5fc9-paragraph   \">Moje marzenia ogrodowe przeplataj\u0105 si\u0119 z mi\u0142o\u015bci\u0105 do nowych wyzwa\u0144. Poszukiwanie innowacyjnych rozwi\u0105za\u0144 to dla mnie ekscytuj\u0105ca przygoda. Stawiam na funkcjonalno\u015b\u0107, ale r\u00f3wnie\u017c na estetyk\u0119, d\u0105\u017c\u0105c do stworzenia miejsca nie tylko pi\u0119knego, ale i praktycznego w codziennym u\u017cytkowaniu.<\/p>\n<\/div><\/div><\/div><\/div><\/div><\/div><\/div><\/div><\/div><\/div><\/div><\/div><\/div>                <\/div>\n                            <\/div>\n        <\/div>\n        <\/div><ss3-loader><\/ss3-loader><\/div><\/div><div class=\"n2_clear\"><\/div><\/div><\/ss3-force-full-width><\/div>\n\n\n\n\n\n\n\n\n\n<div class=\"n2_clear\"><ss3-force-full-width data-overflow-x=\"body\" data-horizontal-selector=\"body\"><div class=\"n2-section-smartslider fitvidsignore  n2_clear\" data-ssid=\"49\"><div id=\"n2-ss-49-align\" class=\"n2-ss-align\"><div class=\"n2-padding\"><div id=\"n2-ss-49\" data-creator=\"Smart Slider 3\" data-responsive=\"fullwidth\" class=\"n2-ss-slider n2-ow n2-has-hover n2notransition  \">\n        <div class=\"n2-ss-slider-1 n2-ow\">\n            <div class=\"n2-ss-slider-2 n2-ow\">\n                <div class=\"n2-ss-slide-backgrounds n2-ow-all\"><div class=\"n2-ss-slide-background\" data-public-id=\"1\" data-mode=\"fill\"><div data-color=\"RGBA(255,255,255,0)\" style=\"background-color: RGBA(255,255,255,0);\" class=\"n2-ss-slide-background-color\"><\/div><\/div><\/div>                <div class=\"n2-ss-slider-3 n2-ow\">\n                    <svg xmlns=\"http:\/\/www.w3.org\/2000\/svg\" viewBox=\"0 0 1200 420\" data-related-device=\"desktopPortrait\" class=\"n2-ow n2-ss-preserve-size n2-ss-preserve-size--slider n2-ss-slide-limiter\"><\/svg><div data-first=\"1\" data-slide-duration=\"0\" data-id=\"128\" data-slide-public-id=\"1\" data-title=\"Statyczna nakladka\" class=\"n2-ss-slide n2-ow  n2-ss-slide-128\"><div role=\"note\" class=\"n2-ss-slide--focus\" tabindex=\"-1\">Statyczna nakladka<\/div><div class=\"n2-ss-layers-container n2-ss-slide-limiter n2-ow\"><div class=\"n2-ss-layer n2-ow n-uc-YoLzVzmGudmd\" data-sstype=\"slide\" data-pm=\"default\"><div class=\"n2-ss-layer n2-ow n-uc-t9a8GwwUSyXT\" data-pm=\"default\" data-sstype=\"content\" data-hasbackground=\"0\"><div class=\"n2-ss-section-main-content n2-ss-layer-with-background n2-ss-layer-content n2-ow n-uc-t9a8GwwUSyXT-inner\"><div class=\"n2-ss-layer n2-ow n2-ss-layer--block n2-ss-has-self-align n-uc-164b0bd8f3933\" data-pm=\"normal\" data-sstype=\"row\"><div class=\"n2-ss-layer-row n2-ss-layer-with-background n-uc-164b0bd8f3933-inner\"><div class=\"n2-ss-layer-row-inner \"><div class=\"n2-ss-layer n2-ow n-uc-1ce893475431c\" data-pm=\"default\" data-sstype=\"col\"><div class=\"n2-ss-layer-col n2-ss-layer-with-background n2-ss-layer-content n-uc-1ce893475431c-inner\"><div class=\"n2-ss-layer n2-ow n-uc-LKhpn58WHWKH\" data-pm=\"normal\" data-sstype=\"layer\"><div id=\"n2-ss-49item1\" class=\"n2-font-a26e380306d8c03aee97283d7bd28ad5-hover   n2-ss-item-content n2-ss-text n2-ow\" style=\"display:block;\">Przepisy<\/div><\/div><div class=\"n2-ss-layer n2-ow n-uc-KoPoJdcnPOlY\" data-pm=\"normal\" data-sstype=\"layer\"><div class=\"n2-ss-item-content n2-ss-text n2-ow-all\"><div class=\"\"><p class=\"n2-font-2c179631a5c7655cc8fa962b32739b88-paragraph   \">Jestem tak\u017ce smakoszem natury, co sk\u0142oni\u0142o mnie do eksperyment\u00f3w kulinarnej sztuki. To z ogrodu czerpi\u0119 inspiracj\u0119 do tworzenia da\u0144, gdzie natura daje nam pe\u0142ni\u0119 smak\u00f3w i aromat\u00f3w. Moje kulinarne wyzwania wzbogacone s\u0105 o aspekt zdrowotny, bowiem alergie pokarmowe mojego syna sprawi\u0142y, \u017ce bacznie przygl\u0105dam si\u0119 sk\u0142adnikom trafiaj\u0105cym na talerz. Dzi\u0119ki temu, nasze posi\u0142ki s\u0105 nie tylko wy\u015bmienite, ale i zdrowe.<\/p>\n<\/div><\/div><\/div><\/div><\/div><div class=\"n2-ss-layer n2-ow n-uc-16da5418dd345\" data-pm=\"default\" data-sstype=\"col\"><div class=\"n2-ss-layer-col n2-ss-layer-with-background n2-ss-layer-content n-uc-16da5418dd345-inner\"><div class=\"n2-ss-layer n2-ow n-uc-OMCaFbIWPE53\" data-pm=\"normal\" data-sstype=\"layer\"><div class=\" n2-ss-item-image-content n2-ss-item-content n2-ow-all\"><picture class=\"skip-lazy jetpack-lazy-image\" data-skip-lazy=\"1\"><img loading=\"lazy\" decoding=\"async\" id=\"n2-ss-49item3\" alt=\"\" class=\"skip-lazy jetpack-lazy-image\" width=\"450\" height=\"270\" data-skip-lazy=\"1\" src=\"\/\/szukamcienia.pl\/wp-content\/uploads\/2023\/07\/zdjwyrozniajace.png\" \/><\/picture><\/div><\/div><\/div><\/div><\/div><\/div><\/div><\/div><\/div><\/div><\/div><\/div>                <\/div>\n                            <\/div>\n        <\/div>\n        <\/div><ss3-loader><\/ss3-loader><\/div><\/div><div class=\"n2_clear\"><\/div><\/div><\/ss3-force-full-width><\/div>\n\n\n\n\n\n\n\n\n\n<div class=\"n2_clear\"><ss3-force-full-width data-overflow-x=\"body\" data-horizontal-selector=\"body\"><div class=\"n2-section-smartslider fitvidsignore  n2_clear\" data-ssid=\"50\"><div id=\"n2-ss-50-align\" class=\"n2-ss-align\"><div class=\"n2-padding\"><div id=\"n2-ss-50\" data-creator=\"Smart Slider 3\" data-responsive=\"fullwidth\" class=\"n2-ss-slider n2-ow n2-has-hover n2notransition  \">\n        <div class=\"n2-ss-slider-1 n2-ow\">\n            <div class=\"n2-ss-slider-2 n2-ow\">\n                <div class=\"n2-ss-slide-backgrounds n2-ow-all\"><div class=\"n2-ss-slide-background\" data-public-id=\"1\" data-mode=\"fill\"><div data-color=\"RGBA(255,255,255,0)\" style=\"background-color: RGBA(255,255,255,0);\" class=\"n2-ss-slide-background-color\"><\/div><\/div><\/div>                <div class=\"n2-ss-slider-3 n2-ow\">\n                    <svg xmlns=\"http:\/\/www.w3.org\/2000\/svg\" viewBox=\"0 0 1200 550\" data-related-device=\"desktopPortrait\" class=\"n2-ow n2-ss-preserve-size n2-ss-preserve-size--slider n2-ss-slide-limiter\"><\/svg><div data-first=\"1\" data-slide-duration=\"0\" data-id=\"130\" data-slide-public-id=\"1\" data-title=\"Statyczna nakladka\" class=\"n2-ss-slide n2-ow  n2-ss-slide-130\"><div role=\"note\" class=\"n2-ss-slide--focus\" tabindex=\"-1\">Statyczna nakladka<\/div><div class=\"n2-ss-layers-container n2-ss-slide-limiter n2-ow\"><div class=\"n2-ss-layer n2-ow n-uc-3wQker3jv3I3\" data-sstype=\"slide\" data-pm=\"default\"><div class=\"n2-ss-layer n2-ow n-uc-tLccuoWwi77Y\" data-pm=\"default\" data-sstype=\"content\" data-hasbackground=\"0\"><div class=\"n2-ss-section-main-content n2-ss-layer-with-background n2-ss-layer-content n2-ow n-uc-tLccuoWwi77Y-inner\"><div class=\"n2-ss-layer n2-ow n2-ss-layer--block n2-ss-has-self-align n-uc-1b5df75241713\" data-pm=\"normal\" data-sstype=\"row\"><div class=\"n2-ss-layer-row n2-ss-layer-with-background n-uc-1b5df75241713-inner\"><div class=\"n2-ss-layer-row-inner \"><div class=\"n2-ss-layer n2-ow n-uc-170ce0785378d\" data-pm=\"default\" data-sstype=\"col\"><div class=\"n2-ss-layer-col n2-ss-layer-with-background n2-ss-layer-content n-uc-170ce0785378d-inner\"><div class=\"n2-ss-layer n2-ow n-uc-YQhjACwBnbmD\" data-pm=\"normal\" data-sstype=\"layer\"><div class=\" n2-ss-item-image-content n2-ss-item-content n2-ow-all\"><picture class=\"skip-lazy jetpack-lazy-image\" data-skip-lazy=\"1\"><img loading=\"lazy\" decoding=\"async\" id=\"n2-ss-50item1\" alt=\"\" class=\"skip-lazy jetpack-lazy-image\" width=\"325\" height=\"150\" data-skip-lazy=\"1\" src=\"\/\/szukamcienia.pl\/wp-content\/uploads\/2023\/08\/logo-mini.png\" \/><\/picture><\/div><\/div><\/div><\/div><div class=\"n2-ss-layer n2-ow n-uc-1571ae8def1f6\" data-pm=\"default\" data-sstype=\"col\"><div class=\"n2-ss-layer-col n2-ss-layer-with-background n2-ss-layer-content n-uc-1571ae8def1f6-inner\"><div class=\"n2-ss-layer n2-ow n-uc-D7Vn8rj8pndn\" data-pm=\"normal\" data-sstype=\"layer\"><div id=\"n2-ss-50item2\" class=\"n2-font-a26e380306d8c03aee97283d7bd28ad5-hover   n2-ss-item-content n2-ss-text n2-ow\" style=\"display:block;\">Nazwa Bloga<\/div><\/div><div class=\"n2-ss-layer n2-ow n-uc-seyQjkm0jeZn\" data-pm=\"normal\" data-sstype=\"layer\"><div class=\"n2-ss-item-content n2-ss-text n2-ow-all\"><div class=\"\"><p class=\"n2-font-2c179631a5c7655cc8fa962b32739b88-paragraph   \"> Wyb\u00f3r tej nazwy wi\u0105\u017ce si\u0119 z moj\u0105 wyj\u0105tkow\u0105 podr\u00f3\u017c\u0105 w przekszta\u0142caniu mojej przestrzeni na ziemi.<\/p>\n<p class=\"n2-font-2c179631a5c7655cc8fa962b32739b88-paragraph   \">Gdy zaczyna\u0142am zak\u0142ada\u0107 ten ogr\u00f3d, cie\u0144 by\u0142 luksusem, kt\u00f3ry mia\u0142am nadziej\u0119 wyhodowa\u0107. W ci\u0105gu ostatnich lat, krok po kroku, sadz\u0105c drzewa i tworz\u0105c nowe miejsca, zacz\u0119\u0142am tworzy\u0107 sw\u00f3j w\u0142asny cie\u0144. To by\u0142o jak symboliczne przeniesienie mojej osobistej przestrzeni do ogrodu. <\/p>\n<p class=\"n2-font-2c179631a5c7655cc8fa962b32739b88-paragraph   \">Tak wi\u0119c, &#8220;Szukam Cienia&#8221; to nie tylko nazwa, to symbol moich ogrodowych przyg\u00f3d i \u017cyciowej podr\u00f3\u017cy, gdzie tworz\u0119 idealne warunki dla wsp\u00f3lnych chwil i wytchnienia.<\/p>\n<\/div><\/div><\/div><\/div><\/div><\/div><\/div><\/div><div class=\"n2-ss-layer n2-ow n2-ss-layer--block n2-ss-has-self-align n-uc-1b64d80fb66e9\" data-pm=\"normal\" data-sstype=\"row\"><div class=\"n2-ss-layer-row n2-ss-layer-with-background n-uc-1b64d80fb66e9-inner\"><div class=\"n2-ss-layer-row-inner \"><div class=\"n2-ss-layer n2-ow n-uc-195766ebc2263\" data-pm=\"default\" data-sstype=\"col\"><div class=\"n2-ss-layer-col n2-ss-layer-with-background n2-ss-layer-content n-uc-195766ebc2263-inner\"><div class=\"n2-ss-layer n2-ow n-uc-618DW2UrUF7M\" data-pm=\"normal\" data-sstype=\"layer\"><div class=\"n2-ss-item-content n2-ss-text n2-ow-all\"><div class=\"\"><p class=\"n2-font-2c179631a5c7655cc8fa962b32739b88-paragraph   \">Ten blog to m\u00f3j cyfrowy ogr\u00f3d refleksji, przemy\u015ble\u0144 i inspiracji. Jestem przekonana, \u017ce ka\u017cdy wpis to nowa kropla m\u0105drego ogrodowego \u017cycia. <\/p>\n<p class=\"n2-font-2c179631a5c7655cc8fa962b32739b88-paragraph   \">Zapraszam Ci\u0119 do wsp\u00f3lnego odkrywania tego pi\u0119knego \u015bwiata, do spacerowania \u015bcie\u017ckami moich do\u015bwiadcze\u0144 i fascynacji. Razem wkroczmy w ten magiczny ogr\u00f3d, gdzie ka\u017cdy kwiat to s\u0142owo, a ka\u017cda ro\u015blina ma swoj\u0105 opowie\u015b\u0107 do opowiedzenia.<\/p>\n<\/div><\/div><\/div><\/div><\/div><\/div><\/div><\/div><\/div><\/div><\/div><\/div><\/div>                <\/div>\n                            <\/div>\n        <\/div>\n        <\/div><ss3-loader><\/ss3-loader><\/div><\/div><div class=\"n2_clear\"><\/div><\/div><\/ss3-force-full-width><\/div><\/div>","protected":false},"excerpt":{"rendered":"","protected":false},"author":1,"featured_media":0,"parent":0,"menu_order":0,"comment_status":"closed","ping_status":"closed","template":"","meta":{"_kadence_starter_templates_imported_post":false,"_kad_post_transparent":"","_kad_post_title":"","_kad_post_layout":"","_kad_post_sidebar_id":"","_kad_post_content_style":"","_kad_post_vertical_padding":"","_kad_post_feature":"","_kad_post_feature_position":"","_kad_post_header":false,"_kad_post_footer":false,"footnotes":""},"class_list":["post-3665","page","type-page","status-publish","hentry"],"jetpack_sharing_enabled":true,"_links":{"self":[{"href":"https:\/\/szukamcienia.pl\/index.php\/wp-json\/wp\/v2\/pages\/3665","targetHints":{"allow":["GET"]}}],"collection":[{"href":"https:\/\/szukamcienia.pl\/index.php\/wp-json\/wp\/v2\/pages"}],"about":[{"href":"https:\/\/szukamcienia.pl\/index.php\/wp-json\/wp\/v2\/types\/page"}],"author":[{"embeddable":true,"href":"https:\/\/szukamcienia.pl\/index.php\/wp-json\/wp\/v2\/users\/1"}],"replies":[{"embeddable":true,"href":"https:\/\/szukamcienia.pl\/index.php\/wp-json\/wp\/v2\/comments?post=3665"}],"version-history":[{"count":1,"href":"https:\/\/szukamcienia.pl\/index.php\/wp-json\/wp\/v2\/pages\/3665\/revisions"}],"predecessor-version":[{"id":3667,"href":"https:\/\/szukamcienia.pl\/index.php\/wp-json\/wp\/v2\/pages\/3665\/revisions\/3667"}],"wp:attachment":[{"href":"https:\/\/szukamcienia.pl\/index.php\/wp-json\/wp\/v2\/media?parent=3665"}],"curies":[{"name":"wp","href":"https:\/\/api.w.org\/{rel}","templated":true}]}}